{"id":369,"date":"2025-03-29T14:37:41","date_gmt":"2025-03-29T18:37:41","guid":{"rendered":"https:\/\/globecsys.com\/?page_id=369"},"modified":"2025-04-08T10:47:14","modified_gmt":"2025-04-08T14:47:14","slug":"terms-and-conditions","status":"publish","type":"page","link":"https:\/\/globecsys.com\/fr\/termes-et-conditions\/","title":{"rendered":"Conditions g\u00e9n\u00e9rales d'utilisation"},"content":{"rendered":"\t\t<div data-elementor-type=\"wp-page\" data-elementor-id=\"369\" class=\"elementor elementor-369\" data-elementor-settings=\"{&quot;element_pack_global_tooltip_width&quot;:{&quot;unit&quot;:&quot;px&quot;,&quot;size&quot;:&quot;&quot;,&quot;sizes&quot;:[]},&quot;element_pack_global_tooltip_width_tablet&quot;:{&quot;unit&quot;:&quot;px&quot;,&quot;size&quot;:&quot;&quot;,&quot;sizes&quot;:[]},&quot;element_pack_global_tooltip_width_mobile&quot;:{&quot;unit&quot;:&quot;px&quot;,&quot;size&quot;:&quot;&quot;,&quot;sizes&quot;:[]},&quot;element_pack_global_tooltip_padding&quot;:{&quot;unit&quot;:&quot;px&quot;,&quot;top&quot;:&quot;&quot;,&quot;right&quot;:&quot;&quot;,&quot;bottom&quot;:&quot;&quot;,&quot;left&quot;:&quot;&quot;,&quot;isLinked&quot;:true},&quot;element_pack_global_tooltip_padding_tablet&quot;:{&quot;unit&quot;:&quot;px&quot;,&quot;top&quot;:&quot;&quot;,&quot;right&quot;:&quot;&quot;,&quot;bottom&quot;:&quot;&quot;,&quot;left&quot;:&quot;&quot;,&quot;isLinked&quot;:true},&quot;element_pack_global_tooltip_padding_mobile&quot;:{&quot;unit&quot;:&quot;px&quot;,&quot;top&quot;:&quot;&quot;,&quot;right&quot;:&quot;&quot;,&quot;bottom&quot;:&quot;&quot;,&quot;left&quot;:&quot;&quot;,&quot;isLinked&quot;:true},&quot;element_pack_global_tooltip_border_radius&quot;:{&quot;unit&quot;:&quot;px&quot;,&quot;top&quot;:&quot;&quot;,&quot;right&quot;:&quot;&quot;,&quot;bottom&quot;:&quot;&quot;,&quot;left&quot;:&quot;&quot;,&quot;isLinked&quot;:true},&quot;element_pack_global_tooltip_border_radius_tablet&quot;:{&quot;unit&quot;:&quot;px&quot;,&quot;top&quot;:&quot;&quot;,&quot;right&quot;:&quot;&quot;,&quot;bottom&quot;:&quot;&quot;,&quot;left&quot;:&quot;&quot;,&quot;isLinked&quot;:true},&quot;element_pack_global_tooltip_border_radius_mobile&quot;:{&quot;unit&quot;:&quot;px&quot;,&quot;top&quot;:&quot;&quot;,&quot;right&quot;:&quot;&quot;,&quot;bottom&quot;:&quot;&quot;,&quot;left&quot;:&quot;&quot;,&quot;isLinked&quot;:true}}\" data-elementor-post-type=\"page\">\n\t\t\t\t<div class=\"elementor-element elementor-element-0ddbb09 e-flex e-con-boxed e-con e-parent\" data-id=\"0ddbb09\" data-element_type=\"container\">\n\t\t\t\t\t<div class=\"e-con-inner\">\n\t\t<div class=\"elementor-element elementor-element-59c9afd e-con-full e-flex e-con e-child\" data-id=\"59c9afd\" data-element_type=\"container\">\n\t\t\t\t<div class=\"elementor-element elementor-element-8149c00 elementor-widget elementor-widget-heading\" data-id=\"8149c00\" data-element_type=\"widget\" data-widget_type=\"heading.default\">\n\t\t\t\t<div class=\"elementor-widget-container\">\n\t\t\t\t\t<h1 class=\"elementor-heading-title elementor-size-default\">Conditions g\u00e9n\u00e9rales d'utilisation<\/h1>\t\t\t\t<\/div>\n\t\t\t\t<\/div>\n\t\t\t\t<\/div>\n\t\t\t\t\t<\/div>\n\t\t\t\t<\/div>\n\t\t<div class=\"elementor-element elementor-element-64d5fbdf e-flex e-con-boxed e-con e-parent\" data-id=\"64d5fbdf\" data-element_type=\"container\">\n\t\t\t\t\t<div class=\"e-con-inner\">\n\t\t\t\t<div class=\"elementor-element elementor-element-4f39b53a elementor-widget elementor-widget-text-editor\" data-id=\"4f39b53a\" data-element_type=\"widget\" data-widget_type=\"text-editor.default\">\n\t\t\t\t<div class=\"elementor-widget-container\">\n\t\t\t\t\t\t\t\t\t<p class=\"\" data-start=\"281\" data-end=\"324\">Date d\u2019entr\u00e9e en vigueur : <strong data-start=\"281\" data-end=\"324\">29 mars 2025<\/strong><\/p>\n<p class=\"\" data-start=\"326\" data-end=\"539\">Bienvenue chez <strong data-start=\"341\" data-end=\"354\">GlobecSys<\/strong>. Les pr\u00e9sentes conditions g\u00e9n\u00e9rales (\u00ab Conditions \u00bb) r\u00e9gissent votre acc\u00e8s \u00e0 notre site web ainsi que l\u2019utilisation de nos services, logiciels et autres offres connexes (\u00ab Services \u00bb).<\/p>\n<p class=\"\" data-start=\"541\" data-end=\"686\">Nos services et nos collaborations sont encadr\u00e9s par une entente mutuelle des conditions suivantes, que vous acceptez sauf indication contraire :<\/p>\n<hr class=\"\" data-start=\"688\" data-end=\"691\" \/>\n<h2 class=\"\" data-start=\"693\" data-end=\"719\"><strong data-start=\"696\" data-end=\"719\">1. Services offerts<\/strong><\/h2>\n<p class=\"\" data-start=\"721\" data-end=\"1090\">GlobecSys offre des services de consultation, de d\u00e9veloppement logiciel personnalis\u00e9, d\u2019int\u00e9gration et de migration pour les plateformes de commerce \u00e9lectronique, avec un accent particulier sur <strong data-start=\"915\" data-end=\"930\">BigCommerce<\/strong> et les syst\u00e8mes tiers connexes (p. ex. ERP, CRM, CMS). Nous contribuons \u00e9galement \u00e0 des biblioth\u00e8ques open source, principalement d\u00e9velopp\u00e9es en langage <strong data-start=\"1084\" data-end=\"1089\">D<\/strong>.<\/p>\n<p class=\"\" data-start=\"1092\" data-end=\"1140\">Les services peuvent inclure, sans s\u2019y limiter :<\/p>\n<ul data-start=\"1142\" data-end=\"1484\">\n<li class=\"\" data-start=\"1142\" data-end=\"1219\">\n<p class=\"\" data-start=\"1144\" data-end=\"1219\">Mise en place, personnalisation et d\u00e9veloppement headless sur BigCommerce<\/p>\n<\/li>\n<li class=\"\" data-start=\"1220\" data-end=\"1282\">\n<p class=\"\" data-start=\"1222\" data-end=\"1282\">Int\u00e9grations de syst\u00e8mes (ERP, CRM, logistique, paiements)<\/p>\n<\/li>\n<li class=\"\" data-start=\"1283\" data-end=\"1341\">\n<p class=\"\" data-start=\"1285\" data-end=\"1341\">Migrations de plateformes et transformation de donn\u00e9es<\/p>\n<\/li>\n<li class=\"\" data-start=\"1342\" data-end=\"1417\">\n<p class=\"\" data-start=\"1344\" data-end=\"1417\">Utilisation, personnalisation ou extension de biblioth\u00e8ques open source<\/p>\n<\/li>\n<li class=\"\" data-start=\"1418\" data-end=\"1484\">\n<p class=\"\" data-start=\"1420\" data-end=\"1484\">Support technique continu et services sur entente de r\u00e9tention<\/p>\n<\/li>\n<\/ul>\n<hr class=\"\" data-start=\"1486\" data-end=\"1489\" \/>\n<h2 class=\"\" data-start=\"1491\" data-end=\"1525\"><strong data-start=\"1494\" data-end=\"1525\">2. Utilisation des services<\/strong><\/h2>\n<p class=\"\" data-start=\"1527\" data-end=\"1590\">Vous \u00eates autoris\u00e9 \u00e0 utiliser nos Services uniquement si vous :<\/p>\n<ul data-start=\"1592\" data-end=\"1821\">\n<li class=\"\" data-start=\"1592\" data-end=\"1664\">\n<p class=\"\" data-start=\"1594\" data-end=\"1664\">Avez au moins 18 ans et la capacit\u00e9 juridique de conclure un contrat<\/p>\n<\/li>\n<li class=\"\" data-start=\"1665\" data-end=\"1744\">\n<p class=\"\" data-start=\"1667\" data-end=\"1744\">N\u2019utilisez pas les Services \u00e0 des fins ill\u00e9gales, nuisibles ou frauduleuses<\/p>\n<\/li>\n<li class=\"\" data-start=\"1745\" data-end=\"1821\">\n<p class=\"\" data-start=\"1747\" data-end=\"1821\">Fournissez des renseignements exacts et complets pour tout projet engag\u00e9<\/p>\n<\/li>\n<\/ul>\n<p class=\"\" data-start=\"1823\" data-end=\"1965\">GlobecSys se r\u00e9serve le droit de refuser un service ou de mettre fin \u00e0 un mandat \u00e0 sa discr\u00e9tion en cas de violation des pr\u00e9sentes Conditions.<\/p>\n<hr class=\"\" data-start=\"1967\" data-end=\"1970\" \/>\n<h2 class=\"\" data-start=\"1972\" data-end=\"2006\"><strong data-start=\"1975\" data-end=\"2006\">3. Propri\u00e9t\u00e9 intellectuelle<\/strong><\/h2>\n<p class=\"\" data-start=\"2008\" data-end=\"2183\">Tout logiciel, documentation, design ou solution d\u00e9velopp\u00e9s par GlobecSys demeure la propri\u00e9t\u00e9 intellectuelle de GlobecSys, sauf stipulation contraire dans une entente \u00e9crite.<\/p>\n<p class=\"\" data-start=\"2185\" data-end=\"2386\">Les logiciels open source d\u00e9velopp\u00e9s par GlobecSys sont r\u00e9gis par les licences respectives affich\u00e9es dans nos d\u00e9p\u00f4ts GitHub (ex. : MIT, BSL). Leur utilisation doit respecter les termes de ces licences.<\/p>\n<p class=\"\" data-start=\"2388\" data-end=\"2586\">Les livrables propres \u00e0 un client peuvent \u00eatre transf\u00e9r\u00e9s ou conc\u00e9d\u00e9s sous licence selon les modalit\u00e9s \u00e9tablies dans une <strong data-start=\"2509\" data-end=\"2541\">d\u00e9claration de travail (SOW)<\/strong> ou une <strong data-start=\"2549\" data-end=\"2585\">entente de services ma\u00eetre (MSA)<\/strong>.<\/p>\n<hr class=\"\" data-start=\"2588\" data-end=\"2591\" \/>\n<h2 class=\"\" data-start=\"2593\" data-end=\"2626\"><strong data-start=\"2596\" data-end=\"2626\">4. Paiement et facturation<\/strong><\/h2>\n<p class=\"\" data-start=\"2628\" data-end=\"2762\">La tarification de nos services est d\u00e9termin\u00e9e par propositions de projet ou par plans d\u2019abonnement. Les frais peuvent \u00eatre factur\u00e9s :<\/p>\n<ul data-start=\"2764\" data-end=\"2909\">\n<li class=\"\" data-start=\"2764\" data-end=\"2832\">\n<p class=\"\" data-start=\"2766\" data-end=\"2832\">Par jalons ou sur une base temps\/mat\u00e9riel (pour les projets), ou<\/p>\n<\/li>\n<li class=\"\" data-start=\"2833\" data-end=\"2909\">\n<p class=\"\" data-start=\"2835\" data-end=\"2909\">Mensuellement\/trimestriellement (pour les ententes de service r\u00e9currentes)<\/p>\n<\/li>\n<\/ul>\n<p class=\"\" data-start=\"2911\" data-end=\"3157\">Les factures sont payables dans un d\u00e9lai de 15 jours suivant leur \u00e9mission, sauf entente contraire. Des frais d\u2019int\u00e9r\u00eat de 1,5 % par mois peuvent s\u2019appliquer en cas de retard de paiement. Le non-paiement peut entra\u00eener la suspension des services.<\/p>\n<hr class=\"\" data-start=\"3159\" data-end=\"3162\" \/>\n<h2 class=\"\" data-start=\"3164\" data-end=\"3189\"><strong data-start=\"3167\" data-end=\"3189\">5. Confidentialit\u00e9<\/strong><\/h2>\n<p class=\"\" data-start=\"3191\" data-end=\"3339\">Les deux parties s\u2019engagent \u00e0 prot\u00e9ger toute information confidentielle \u00e9chang\u00e9e pendant l\u2019ex\u00e9cution du mandat. Ces informations peuvent inclure :<\/p>\n<ul data-start=\"3340\" data-end=\"3476\">\n<li class=\"\" data-start=\"3340\" data-end=\"3365\">\n<p class=\"\" data-start=\"3342\" data-end=\"3365\">Les d\u00e9tails du projet<\/p>\n<\/li>\n<li class=\"\" data-start=\"3366\" data-end=\"3404\">\n<p class=\"\" data-start=\"3368\" data-end=\"3404\">Les donn\u00e9es internes ou exclusives<\/p>\n<\/li>\n<li class=\"\" data-start=\"3405\" data-end=\"3443\">\n<p class=\"\" data-start=\"3407\" data-end=\"3443\">Les communications confidentielles<\/p>\n<\/li>\n<li class=\"\" data-start=\"3444\" data-end=\"3476\">\n<p class=\"\" data-start=\"3446\" data-end=\"3476\">Les technologies d\u00e9velopp\u00e9es<\/p>\n<\/li>\n<\/ul>\n<p class=\"\" data-start=\"3478\" data-end=\"3580\">Cette obligation demeure valide pendant une p\u00e9riode de <strong data-start=\"3533\" data-end=\"3550\">trois (3) ans<\/strong> apr\u00e8s la fin de l\u2019engagement.<\/p>\n<hr class=\"\" data-start=\"3582\" data-end=\"3585\" \/>\n<h2 class=\"\" data-start=\"3587\" data-end=\"3627\"><strong data-start=\"3590\" data-end=\"3627\">6. Services tiers et int\u00e9grations<\/strong><\/h2>\n<p class=\"\" data-start=\"3629\" data-end=\"3877\">GlobecSys int\u00e8gre des services tiers (ex. : NetSuite, HubSpot, Stripe, ShipStation). Nous ne garantissons pas le rendement, la s\u00e9curit\u00e9 ou la disponibilit\u00e9 de ces services externes. Leur utilisation est soumise \u00e0 leurs propres conditions g\u00e9n\u00e9rales.<\/p>\n<p class=\"\" data-start=\"3879\" data-end=\"4011\">GlobecSys d\u00e9cline toute responsabilit\u00e9 en cas de panne, perte de donn\u00e9es ou modification d\u2019API provenant de ces plateformes tierces.<\/p>\n<hr class=\"\" data-start=\"4013\" data-end=\"4016\" \/>\n<h2 class=\"\" data-start=\"4018\" data-end=\"4052\"><strong data-start=\"4021\" data-end=\"4052\">7. Garanties et limitations<\/strong><\/h2>\n<p class=\"\" data-start=\"4054\" data-end=\"4443\">GlobecSys ne donne aucune garantie, expresse ou implicite, quant \u00e0 la performance ou aux r\u00e9sultats d\u00e9coulant des services de d\u00e9veloppement, d\u2019int\u00e9gration ou de consultation. Tous les services sont fournis <strong data-start=\"4259\" data-end=\"4277\">\u00ab tels quels \u00bb<\/strong>. Dans les limites permises par la loi, nous d\u00e9clinons toute garantie implicite de qualit\u00e9 marchande, d\u2019ad\u00e9quation \u00e0 un usage particulier ou d\u2019absence de contrefa\u00e7on.<\/p>\n<p class=\"\" data-start=\"4445\" data-end=\"4541\">Nous ne sommes pas responsables des dommages indirects, accessoires ou cons\u00e9cutifs, incluant :<\/p>\n<ul data-start=\"4542\" data-end=\"4631\">\n<li class=\"\" data-start=\"4542\" data-end=\"4565\">\n<p class=\"\" data-start=\"4544\" data-end=\"4565\">La perte de donn\u00e9es<\/p>\n<\/li>\n<li class=\"\" data-start=\"4566\" data-end=\"4589\">\n<p class=\"\" data-start=\"4568\" data-end=\"4589\">La perte de revenus<\/p>\n<\/li>\n<li class=\"\" data-start=\"4590\" data-end=\"4631\">\n<p class=\"\" data-start=\"4592\" data-end=\"4631\">L\u2019interruption d\u2019activit\u00e9s commerciales<\/p>\n<\/li>\n<\/ul>\n<hr class=\"\" data-start=\"4633\" data-end=\"4636\" \/>\n<h2 class=\"\" data-start=\"4638\" data-end=\"4659\"><strong data-start=\"4641\" data-end=\"4659\">8. R\u00e9siliation<\/strong><\/h2>\n<p class=\"\" data-start=\"4661\" data-end=\"4916\">Chaque partie peut r\u00e9silier l\u2019entente par \u00e9crit si l\u2019autre partie manque \u00e0 une obligation essentielle et ne corrige pas la situation dans un d\u00e9lai de 14 jours. Tous les frais dus pour les travaux r\u00e9alis\u00e9s jusqu\u2019\u00e0 la date de r\u00e9siliation demeurent payables.<\/p>\n<p class=\"\" data-start=\"4918\" data-end=\"5012\">GlobecSys se r\u00e9serve le droit de retenir les livrables jusqu\u2019\u00e0 la r\u00e9ception du paiement final.<\/p>\n<hr class=\"\" data-start=\"5014\" data-end=\"5017\" \/>\n<h2 class=\"\" data-start=\"5019\" data-end=\"5045\"><strong data-start=\"5022\" data-end=\"5045\">9. Lois applicables<\/strong><\/h2>\n<p class=\"\" data-start=\"5047\" data-end=\"5277\">Les pr\u00e9sentes Conditions sont r\u00e9gies et interpr\u00e9t\u00e9es selon les lois en vigueur dans la province de <strong data-start=\"5146\" data-end=\"5156\">Qu\u00e9bec<\/strong>, sans \u00e9gard aux principes de conflit de lois. Tout litige sera soumis aux tribunaux situ\u00e9s \u00e0 <strong data-start=\"5250\" data-end=\"5276\">Qu\u00e9bec, Qu\u00e9bec, Canada<\/strong>.<\/p>\n<hr class=\"\" data-start=\"5279\" data-end=\"5282\" \/>\n<h2 class=\"\" data-start=\"5284\" data-end=\"5323\"><strong data-start=\"5287\" data-end=\"5323\">10. Modifications des conditions<\/strong><\/h2>\n<p class=\"\" data-start=\"5325\" data-end=\"5530\">GlobecSys peut modifier ces Conditions \u00e0 tout moment en mettant cette page \u00e0 jour. L\u2019utilisation continue de nos Services apr\u00e8s une telle modification constitue une acceptation des Conditions mises \u00e0 jour.<\/p>\n<hr class=\"\" data-start=\"5532\" data-end=\"5535\" \/>\n<h2 class=\"\" data-start=\"5537\" data-end=\"5560\"><strong data-start=\"5540\" data-end=\"5560\">11. Nous joindre<\/strong><\/h2>\n<p class=\"\" data-start=\"5562\" data-end=\"5687\">Pour toute question concernant les pr\u00e9sentes Conditions g\u00e9n\u00e9rales, veuillez nous contacter \u00e0 :<br data-start=\"5656\" data-end=\"5659\" \/>\ud83d\udce7 <strong data-start=\"5662\" data-end=\"5687\"><a class=\"cursor-pointer\" rel=\"noopener\" data-start=\"5664\" data-end=\"5685\">contact@globecsys.com<\/a><\/strong><\/p>\n<p>\u00a0<\/p>\n<p><!-- \/wp:paragraph --><!-- wp:paragraph --><\/p>\n<p><!-- \/wp:paragraph --><\/p>\t\t\t\t\t\t\t\t<\/div>\n\t\t\t\t<\/div>\n\t\t\t\t\t<\/div>\n\t\t\t\t<\/div>\n\t\t\t\t<\/div>\n\t\t","protected":false},"excerpt":{"rendered":"<p>Terms &#038; Conditions Effective Date: March 29th of the year 2025. Welcome to GlobecSys. These Terms and Conditions (\u201cTerms\u201d) govern your access [&hellip;]<\/p>\n","protected":false},"author":1,"featured_media":0,"parent":0,"menu_order":0,"comment_status":"closed","ping_status":"closed","template":"","meta":{"footnotes":""},"class_list":["post-369","page","type-page","status-publish","hentry"],"yoast_head":"<!-- This site is optimized with the Yoast SEO plugin v24.8.1 - https:\/\/yoast.com\/wordpress\/plugins\/seo\/ -->\n<title>Conditions g\u00e9n\u00e9rales d&#039;utilisation - GlobecSys<\/title>\n<meta name=\"description\" content=\"Consultez les conditions l\u00e9gales encadrant l\u2019utilisation des services GlobecSys, y compris le d\u00e9veloppement, les int\u00e9grations et la propri\u00e9t\u00e9 intellectuelle.\" \/>\n<meta name=\"robots\" content=\"index, follow, max-snippet:-1, max-image-preview:large, max-video-preview:-1\" \/>\n<link rel=\"canonical\" href=\"https:\/\/globecsys.com\/fr\/termes-et-conditions\/\" \/>\n<meta property=\"og:locale\" content=\"fr_CA\" \/>\n<meta property=\"og:type\" content=\"article\" \/>\n<meta property=\"og:title\" content=\"Conditions g\u00e9n\u00e9rales d&#039;utilisation - GlobecSys\" \/>\n<meta property=\"og:description\" content=\"Consultez les conditions l\u00e9gales encadrant l\u2019utilisation des services GlobecSys, y compris le d\u00e9veloppement, les int\u00e9grations et la propri\u00e9t\u00e9 intellectuelle.\" \/>\n<meta property=\"og:url\" content=\"https:\/\/globecsys.com\/fr\/termes-et-conditions\/\" \/>\n<meta property=\"og:site_name\" content=\"GlobecSys\" \/>\n<meta property=\"article:modified_time\" content=\"2025-04-08T14:47:14+00:00\" \/>\n<meta name=\"twitter:card\" content=\"summary_large_image\" \/>\n<meta name=\"twitter:label1\" content=\"Estimation du temps de lecture\" \/>\n\t<meta name=\"twitter:data1\" content=\"3 minutes\" \/>\n<script type=\"application\/ld+json\" class=\"yoast-schema-graph\">{\"@context\":\"https:\/\/schema.org\",\"@graph\":[{\"@type\":\"WebPage\",\"@id\":\"https:\/\/globecsys.com\/fr\/fr\/termes-et-conditions\/\",\"url\":\"https:\/\/globecsys.com\/fr\/fr\/termes-et-conditions\/\",\"name\":\"Terms and Conditions - GlobecSys\",\"isPartOf\":{\"@id\":\"https:\/\/globecsys.com\/#website\"},\"datePublished\":\"2025-03-29T18:37:41+00:00\",\"dateModified\":\"2025-04-08T14:47:14+00:00\",\"description\":\"Read the legal terms governing the use of GlobecSys services, including consulting, integrations, software development, and intellectual property rights.\",\"breadcrumb\":{\"@id\":\"https:\/\/globecsys.com\/fr\/termes-et-conditions\/#breadcrumb\"},\"inLanguage\":\"fr-CA\",\"potentialAction\":[{\"@type\":\"ReadAction\",\"target\":[\"https:\/\/globecsys.com\/fr\/termes-et-conditions\/\"]}]},{\"@type\":\"BreadcrumbList\",\"@id\":\"https:\/\/globecsys.com\/fr\/termes-et-conditions\/#breadcrumb\",\"itemListElement\":[{\"@type\":\"ListItem\",\"position\":1,\"name\":\"Experts en d\u00e9veloppement et int\u00e9gration BigCommerce\",\"item\":\"https:\/\/globecsys.com\/\"},{\"@type\":\"ListItem\",\"position\":2,\"name\":\"Conditions g\u00e9n\u00e9rales d'utilisation\"}]},{\"@type\":\"WebSite\",\"@id\":\"https:\/\/globecsys.com\/fr\/#website\",\"url\":\"https:\/\/globecsys.com\/fr\/\",\"name\":\"GlobecSys\",\"description\":\"BigCommerce Partner\",\"publisher\":{\"@id\":\"https:\/\/globecsys.com\/fr\/#organization\"},\"potentialAction\":[{\"@type\":\"SearchAction\",\"target\":{\"@type\":\"EntryPoint\",\"urlTemplate\":\"https:\/\/globecsys.com\/fr\/?s={search_term_string}\"},\"query-input\":{\"@type\":\"PropertyValueSpecification\",\"valueRequired\":true,\"valueName\":\"search_term_string\"}}],\"inLanguage\":\"fr-CA\"},{\"@type\":\"Organization\",\"@id\":\"https:\/\/globecsys.com\/fr\/#organization\",\"name\":\"GlobecSys\",\"url\":\"https:\/\/globecsys.com\/fr\/\",\"logo\":{\"@type\":\"ImageObject\",\"inLanguage\":\"fr-CA\",\"@id\":\"https:\/\/globecsys.com\/fr\/#\/schema\/logo\/image\/\",\"url\":\"https:\/\/globecsys.com\/wp-content\/uploads\/2025\/03\/Black-logo-no-background.png\",\"contentUrl\":\"https:\/\/globecsys.com\/wp-content\/uploads\/2025\/03\/Black-logo-no-background.png\",\"width\":2000,\"height\":633,\"caption\":\"GlobecSys\"},\"image\":{\"@id\":\"https:\/\/globecsys.com\/fr\/#\/schema\/logo\/image\/\"}}]}<\/script>\n<!-- \/ Yoast SEO plugin. -->","yoast_head_json":{"title":"Conditions g\u00e9n\u00e9rales d'utilisation - GlobecSys","description":"Consultez les conditions l\u00e9gales encadrant l\u2019utilisation des services GlobecSys, y compris le d\u00e9veloppement, les int\u00e9grations et la propri\u00e9t\u00e9 intellectuelle.","robots":{"index":"index","follow":"follow","max-snippet":"max-snippet:-1","max-image-preview":"max-image-preview:large","max-video-preview":"max-video-preview:-1"},"canonical":"https:\/\/globecsys.com\/fr\/termes-et-conditions\/","og_locale":"fr_CA","og_type":"article","og_title":"Conditions g\u00e9n\u00e9rales d'utilisation - GlobecSys","og_description":"Consultez les conditions l\u00e9gales encadrant l\u2019utilisation des services GlobecSys, y compris le d\u00e9veloppement, les int\u00e9grations et la propri\u00e9t\u00e9 intellectuelle.","og_url":"https:\/\/globecsys.com\/fr\/termes-et-conditions\/","og_site_name":"GlobecSys","article_modified_time":"2025-04-08T14:47:14+00:00","twitter_card":"summary_large_image","twitter_misc":{"Estimation du temps de lecture":"3 minutes"},"schema":{"@context":"https:\/\/schema.org","@graph":[{"@type":"WebPage","@id":"https:\/\/globecsys.com\/fr\/fr\/termes-et-conditions\/","url":"https:\/\/globecsys.com\/fr\/fr\/termes-et-conditions\/","name":"Terms and Conditions - GlobecSys","isPartOf":{"@id":"https:\/\/globecsys.com\/#website"},"datePublished":"2025-03-29T18:37:41+00:00","dateModified":"2025-04-08T14:47:14+00:00","description":"Read the legal terms governing the use of GlobecSys services, including consulting, integrations, software development, and intellectual property rights.","breadcrumb":{"@id":"https:\/\/globecsys.com\/fr\/termes-et-conditions\/#breadcrumb"},"inLanguage":"fr-CA","potentialAction":[{"@type":"ReadAction","target":["https:\/\/globecsys.com\/fr\/termes-et-conditions\/"]}]},{"@type":"BreadcrumbList","@id":"https:\/\/globecsys.com\/fr\/termes-et-conditions\/#breadcrumb","itemListElement":[{"@type":"ListItem","position":1,"name":"Experts en d\u00e9veloppement et int\u00e9gration BigCommerce","item":"https:\/\/globecsys.com\/"},{"@type":"ListItem","position":2,"name":"Conditions g\u00e9n\u00e9rales d'utilisation"}]},{"@type":"WebSite","@id":"https:\/\/globecsys.com\/fr\/#website","url":"https:\/\/globecsys.com\/fr\/","name":"GlobecSys","description":"BigCommerce Partner","publisher":{"@id":"https:\/\/globecsys.com\/fr\/#organization"},"potentialAction":[{"@type":"SearchAction","target":{"@type":"EntryPoint","urlTemplate":"https:\/\/globecsys.com\/fr\/?s={search_term_string}"},"query-input":{"@type":"PropertyValueSpecification","valueRequired":true,"valueName":"search_term_string"}}],"inLanguage":"fr-CA"},{"@type":"Organization","@id":"https:\/\/globecsys.com\/fr\/#organization","name":"GlobecSys","url":"https:\/\/globecsys.com\/fr\/","logo":{"@type":"ImageObject","inLanguage":"fr-CA","@id":"https:\/\/globecsys.com\/fr\/#\/schema\/logo\/image\/","url":"https:\/\/globecsys.com\/wp-content\/uploads\/2025\/03\/Black-logo-no-background.png","contentUrl":"https:\/\/globecsys.com\/wp-content\/uploads\/2025\/03\/Black-logo-no-background.png","width":2000,"height":633,"caption":"GlobecSys"},"image":{"@id":"https:\/\/globecsys.com\/fr\/#\/schema\/logo\/image\/"}}]}},"_links":{"self":[{"href":"https:\/\/globecsys.com\/fr\/wp-json\/wp\/v2\/pages\/369","targetHints":{"allow":["GET"]}}],"collection":[{"href":"https:\/\/globecsys.com\/fr\/wp-json\/wp\/v2\/pages"}],"about":[{"href":"https:\/\/globecsys.com\/fr\/wp-json\/wp\/v2\/types\/page"}],"author":[{"embeddable":true,"href":"https:\/\/globecsys.com\/fr\/wp-json\/wp\/v2\/users\/1"}],"replies":[{"embeddable":true,"href":"https:\/\/globecsys.com\/fr\/wp-json\/wp\/v2\/comments?post=369"}],"version-history":[{"count":43,"href":"https:\/\/globecsys.com\/fr\/wp-json\/wp\/v2\/pages\/369\/revisions"}],"predecessor-version":[{"id":567,"href":"https:\/\/globecsys.com\/fr\/wp-json\/wp\/v2\/pages\/369\/revisions\/567"}],"wp:attachment":[{"href":"https:\/\/globecsys.com\/fr\/wp-json\/wp\/v2\/media?parent=369"}],"curies":[{"name":"wp","href":"https:\/\/api.w.org\/{rel}","templated":true}]}}